{"id":108,"date":"2018-05-09T18:43:56","date_gmt":"2018-05-09T18:43:56","guid":{"rendered":"http:\/\/lmi-cat.net\/apps\/?page_id=108"},"modified":"2018-07-18T13:32:45","modified_gmt":"2018-07-18T13:32:45","slug":"guia","status":"publish","type":"page","link":"https:\/\/lmi-cat.net\/apps\/guia\/","title":{"rendered":"Selecci\u00f3 Apps"},"content":{"rendered":"<p align=\"justify\">Com seleccionar recursos digitals de qualitat? En aquest document, destinat a \u00a0fam\u00edlies i educadors, es presenten alguns consells per triar Apps infantils segures i de qualitat, superant la visi\u00f3 dels nens com a receptors de riscos o oportunitats, en favor d&#8217;un enfocament que permeti entendre millor el seu paper com a agents en l&#8217;era digital. El document est\u00e0 sota llic\u00e8ncia Creative Commons d&#8217;Atribuci\u00f3-NoComercial-NoDerivades (CC BY-NC-ND).<\/p>\n<p><a href=\"http:\/\/lmi-cat.net\/apps\/wp-content\/uploads\/2018\/05\/G-edu-cat-1.pdf\" target=\"_blank\" rel=\"noopener\">Descarrega el document<\/a><\/p>\n<a href=\"https:\/\/lmi-cat.net\/apps\/wp-content\/uploads\/2018\/05\/G-edu-cat-1.pdf\" class=\"pdfemb-viewer\" style=\"\" data-width=\"max\" data-height=\"max\" data-toolbar=\"bottom\" data-toolbar-fixed=\"off\">G-edu-cat<\/a>\n<p>&nbsp;<\/p>\n<p align=\"justify\">Citar com: Gran\u00e9, M. <em>et al. <\/em>(2018). Com escollir recursos digitals de qualitat per als infants \/ Como seleccionar recursos digitales de calidad para ni\u00f1os y ni\u00f1as. En: <em>Apps para la primera infancia. Sugerencias y buenas pr\u00e1cticas para elegir y crear contenidos interactivos de calidad.<\/em> <a href=\"http:\/\/lmi-cat.net\/apps\/es\/guia-2\/\">http:\/\/lmi-cat.net\/apps\/es\/guia-2\/<\/a><\/p>\n","protected":false},"excerpt":{"rendered":"<p>Com seleccionar recursos digitals de qualitat? En aquest document, destinat a \u00a0fam\u00edlies i educadors, es presenten alguns consells per triar Apps infantils segures i de qualitat, superant la visi\u00f3 dels nens com a receptors de riscos o oportunitats, en favor d&#8217;un enfocament que permeti entendre millor el seu paper com a agents en l&#8217;era digital.<a class=\"moretag\" href=\"https:\/\/lmi-cat.net\/apps\/guia\/\"><span class=\"screen-reader-text\">Read more about Selecci\u00f3 Apps<\/span>[&#8230;]<\/a><\/p>\n","protected":false},"author":1,"featured_media":0,"parent":0,"menu_order":0,"comment_status":"closed","ping_status":"closed","template":"","meta":{"footnotes":""},"class_list":["post-108","page","type-page","status-publish","hentry"],"_links":{"self":[{"href":"https:\/\/lmi-cat.net\/apps\/wp-json\/wp\/v2\/pages\/108"}],"collection":[{"href":"https:\/\/lmi-cat.net\/apps\/wp-json\/wp\/v2\/pages"}],"about":[{"href":"https:\/\/lmi-cat.net\/apps\/wp-json\/wp\/v2\/types\/page"}],"author":[{"embeddable":true,"href":"https:\/\/lmi-cat.net\/apps\/wp-json\/wp\/v2\/users\/1"}],"replies":[{"embeddable":true,"href":"https:\/\/lmi-cat.net\/apps\/wp-json\/wp\/v2\/comments?post=108"}],"version-history":[{"count":9,"href":"https:\/\/lmi-cat.net\/apps\/wp-json\/wp\/v2\/pages\/108\/revisions"}],"predecessor-version":[{"id":201,"href":"https:\/\/lmi-cat.net\/apps\/wp-json\/wp\/v2\/pages\/108\/revisions\/201"}],"wp:attachment":[{"href":"https:\/\/lmi-cat.net\/apps\/wp-json\/wp\/v2\/media?parent=108"}],"curies":[{"name":"wp","href":"https:\/\/api.w.org\/{rel}","templated":true}]}}