{"id":161,"date":"2018-05-14T15:29:13","date_gmt":"2018-05-14T15:29:13","guid":{"rendered":"http:\/\/lmi-cat.net\/apps\/?page_id=161"},"modified":"2018-10-18T14:09:33","modified_gmt":"2018-10-18T14:09:33","slug":"desenvolupadors","status":"publish","type":"page","link":"https:\/\/lmi-cat.net\/apps\/desenvolupadors\/","title":{"rendered":"Crear apps"},"content":{"rendered":"<p>&nbsp;<\/p>\n<p align=\"justify\">Aquest v\u00eddeo es dirigeix especialment a professionals i desenvolupadors de apps infantils i vol ser un recurs per a la creaci\u00f3 de continguts digitals assegurances, \u00e8tics i de qualitat. Es presenten alguns resultats del projecte i les problem\u00e0tiques mes comunes oposades a partir de l&#8217;an\u00e0lisi de les 200 Apps infantils analitzades.<\/p>\n<p align=\"justify\">\n<p style=\"text-align: center;\"><iframe loading=\"lazy\" src=\"https:\/\/player.vimeo.com\/video\/295747542\" width=\"640\" height=\"360\" frameborder=\"0\" allowfullscreen=\"allowfullscreen\"><\/iframe><\/p>\n<p>&nbsp;<\/p>\n<p>Citar com: Su\u00e1rez, R. et al. (2018, mayo 31). T\u00edtulo del v\u00eddeo [Archivo de video]. Apps para la primera infancia. Sugerencias y buenas pr\u00e1cticas para elegir y crear contenidos interactivos de calidad. http:\/\/lmi-cat.net\/apps\/es\/guia-2\/<\/p>\n","protected":false},"excerpt":{"rendered":"<p>&nbsp; Aquest v\u00eddeo es dirigeix especialment a professionals i desenvolupadors de apps infantils i vol ser un recurs per a la creaci\u00f3 de continguts digitals assegurances, \u00e8tics i de qualitat. Es presenten alguns resultats del projecte i les problem\u00e0tiques mes comunes oposades a partir de l&#8217;an\u00e0lisi de les 200 Apps infantils analitzades. &nbsp; Citar com:<a class=\"moretag\" href=\"https:\/\/lmi-cat.net\/apps\/desenvolupadors\/\"><span class=\"screen-reader-text\">Read more about Crear apps<\/span>[&#8230;]<\/a><\/p>\n","protected":false},"author":1,"featured_media":0,"parent":0,"menu_order":0,"comment_status":"closed","ping_status":"closed","template":"","meta":{"footnotes":""},"class_list":["post-161","page","type-page","status-publish","hentry"],"_links":{"self":[{"href":"https:\/\/lmi-cat.net\/apps\/wp-json\/wp\/v2\/pages\/161"}],"collection":[{"href":"https:\/\/lmi-cat.net\/apps\/wp-json\/wp\/v2\/pages"}],"about":[{"href":"https:\/\/lmi-cat.net\/apps\/wp-json\/wp\/v2\/types\/page"}],"author":[{"embeddable":true,"href":"https:\/\/lmi-cat.net\/apps\/wp-json\/wp\/v2\/users\/1"}],"replies":[{"embeddable":true,"href":"https:\/\/lmi-cat.net\/apps\/wp-json\/wp\/v2\/comments?post=161"}],"version-history":[{"count":4,"href":"https:\/\/lmi-cat.net\/apps\/wp-json\/wp\/v2\/pages\/161\/revisions"}],"predecessor-version":[{"id":218,"href":"https:\/\/lmi-cat.net\/apps\/wp-json\/wp\/v2\/pages\/161\/revisions\/218"}],"wp:attachment":[{"href":"https:\/\/lmi-cat.net\/apps\/wp-json\/wp\/v2\/media?parent=161"}],"curies":[{"name":"wp","href":"https:\/\/api.w.org\/{rel}","templated":true}]}}