{"id":163,"date":"2018-05-14T15:29:37","date_gmt":"2018-05-14T15:29:37","guid":{"rendered":"http:\/\/lmi-cat.net\/apps\/?page_id=163"},"modified":"2018-10-18T14:08:37","modified_gmt":"2018-10-18T14:08:37","slug":"desarolladores","status":"publish","type":"page","link":"https:\/\/lmi-cat.net\/apps\/es\/desarolladores\/","title":{"rendered":"Crear apps"},"content":{"rendered":"<p>&nbsp;<\/p>\n<p align=\"justify\">Este v\u00eddeo se dirige especialmente a profesionales y desarrolladores de apps infantiles y quiere ser un recurso para la creaci\u00f3n de contenidos digitales seguros, \u00e9ticos y de calidad. Se presentan algunos resultados del proyecto y las problem\u00e1ticas mas comunes encontradas a partir del an\u00e1lisis de las 200 Apps infantiles analizadas.<\/p>\n<p style=\"text-align: center;\"><iframe loading=\"lazy\" src=\"https:\/\/player.vimeo.com\/video\/295747486\" width=\"640\" height=\"360\" frameborder=\"0\" allowfullscreen=\"allowfullscreen\"><\/iframe><\/p>\n<p align=\"justify\">Citar com: Su\u00e1rez, R. et al. (2018, mayo 31). T\u00edtulo del v\u00eddeo [Archivo de video]. Apps para la primera infancia. Sugerencias y buenas pr\u00e1cticas para elegir y crear contenidos interactivos de calidad. http:\/\/lmi-cat.net\/apps\/es\/guia-2\/<\/p>\n","protected":false},"excerpt":{"rendered":"<p>&nbsp; Este v\u00eddeo se dirige especialmente a profesionales y desarrolladores de apps infantiles y quiere ser un recurso para la creaci\u00f3n de contenidos digitales seguros, \u00e9ticos y de calidad. Se presentan algunos resultados del proyecto y las problem\u00e1ticas mas comunes encontradas a partir del an\u00e1lisis de las 200 Apps infantiles analizadas. Citar com: Su\u00e1rez, R.<a class=\"moretag\" href=\"https:\/\/lmi-cat.net\/apps\/es\/desarolladores\/\"><span class=\"screen-reader-text\">Read more about Crear apps<\/span>[&#8230;]<\/a><\/p>\n","protected":false},"author":1,"featured_media":0,"parent":0,"menu_order":0,"comment_status":"closed","ping_status":"closed","template":"","meta":{"footnotes":""},"class_list":["post-163","page","type-page","status-publish","hentry"],"_links":{"self":[{"href":"https:\/\/lmi-cat.net\/apps\/wp-json\/wp\/v2\/pages\/163"}],"collection":[{"href":"https:\/\/lmi-cat.net\/apps\/wp-json\/wp\/v2\/pages"}],"about":[{"href":"https:\/\/lmi-cat.net\/apps\/wp-json\/wp\/v2\/types\/page"}],"author":[{"embeddable":true,"href":"https:\/\/lmi-cat.net\/apps\/wp-json\/wp\/v2\/users\/1"}],"replies":[{"embeddable":true,"href":"https:\/\/lmi-cat.net\/apps\/wp-json\/wp\/v2\/comments?post=163"}],"version-history":[{"count":6,"href":"https:\/\/lmi-cat.net\/apps\/wp-json\/wp\/v2\/pages\/163\/revisions"}],"predecessor-version":[{"id":217,"href":"https:\/\/lmi-cat.net\/apps\/wp-json\/wp\/v2\/pages\/163\/revisions\/217"}],"wp:attachment":[{"href":"https:\/\/lmi-cat.net\/apps\/wp-json\/wp\/v2\/media?parent=163"}],"curies":[{"name":"wp","href":"https:\/\/api.w.org\/{rel}","templated":true}]}}