{"id":60,"date":"2018-05-09T17:55:09","date_gmt":"2018-05-09T17:55:09","guid":{"rendered":"http:\/\/lmi-cat.net\/apps\/?page_id=60"},"modified":"2018-05-09T17:55:15","modified_gmt":"2018-05-09T17:55:15","slug":"inici","status":"publish","type":"page","link":"https:\/\/lmi-cat.net\/apps\/","title":{"rendered":"Inici"},"content":{"rendered":"<p>Els nens m\u00e9s petit s\u00f3n els usuaris menys cr\u00edtics i experts i no obstant aix\u00f2 entre els m\u00e9s entusiastes dels<br \/>\ndispositius m\u00f2bils i tauletes. L&#8217;\u00fas d&#8217;aquests dispositius, gaireb\u00e9 sempre connectats a la xarxa, est\u00e0 creixent en les fam\u00edlies. Tota investigaci\u00f3 recent apunta que els nens fan servir aquests dispositius ja des dels 2 anys, no nom\u00e9s abans d&#8217;anar a l&#8217;escola, com passava amb els mitjans de comunicaci\u00f3 tradicionals, sin\u00f3 abans de comen\u00e7ar a parlar oa caminar, en la fase sensomotriu del desenvolupament .<\/p>\n<p>Paral\u00b7lelament a l&#8217;\u00fas dels continguts interactius, l&#8217;oferta d&#8217;Apps per a nens en edat preescolar ha crescut<br \/>\nexponencialment. Ara, com mai abans, la ind\u00fastria digital est\u00e0 creant recursos digitals interactius per a nens. La recerca constant de pares i educadors, de recursos que ajudin els nens a aprendre, jugar i entretenir-se alimenta aquesta producci\u00f3 i inunda el mercat.<\/p>\n","protected":false},"excerpt":{"rendered":"<p>Els nens m\u00e9s petit s\u00f3n els usuaris menys cr\u00edtics i experts i no obstant aix\u00f2 entre els m\u00e9s entusiastes dels dispositius m\u00f2bils i tauletes. L&#8217;\u00fas d&#8217;aquests dispositius, gaireb\u00e9 sempre connectats a la xarxa, est\u00e0 creixent en les fam\u00edlies. Tota investigaci\u00f3 recent apunta que els nens fan servir aquests dispositius ja des dels 2 anys, no<a class=\"moretag\" href=\"https:\/\/lmi-cat.net\/apps\/\"><span class=\"screen-reader-text\">Read more about Inici<\/span>[&#8230;]<\/a><\/p>\n","protected":false},"author":1,"featured_media":0,"parent":0,"menu_order":0,"comment_status":"closed","ping_status":"open","template":"","meta":{"footnotes":""},"class_list":["post-60","page","type-page","status-publish","hentry"],"_links":{"self":[{"href":"https:\/\/lmi-cat.net\/apps\/wp-json\/wp\/v2\/pages\/60"}],"collection":[{"href":"https:\/\/lmi-cat.net\/apps\/wp-json\/wp\/v2\/pages"}],"about":[{"href":"https:\/\/lmi-cat.net\/apps\/wp-json\/wp\/v2\/types\/page"}],"author":[{"embeddable":true,"href":"https:\/\/lmi-cat.net\/apps\/wp-json\/wp\/v2\/users\/1"}],"replies":[{"embeddable":true,"href":"https:\/\/lmi-cat.net\/apps\/wp-json\/wp\/v2\/comments?post=60"}],"version-history":[{"count":1,"href":"https:\/\/lmi-cat.net\/apps\/wp-json\/wp\/v2\/pages\/60\/revisions"}],"predecessor-version":[{"id":61,"href":"https:\/\/lmi-cat.net\/apps\/wp-json\/wp\/v2\/pages\/60\/revisions\/61"}],"wp:attachment":[{"href":"https:\/\/lmi-cat.net\/apps\/wp-json\/wp\/v2\/media?parent=60"}],"curies":[{"name":"wp","href":"https:\/\/api.w.org\/{rel}","templated":true}]}}