{"id":72,"date":"2018-05-09T17:58:20","date_gmt":"2018-05-09T17:58:20","guid":{"rendered":"http:\/\/lmi-cat.net\/apps\/?page_id=72"},"modified":"2018-10-18T14:36:09","modified_gmt":"2018-10-18T14:36:09","slug":"el-projecte","status":"publish","type":"page","link":"https:\/\/lmi-cat.net\/apps\/el-projecte\/","title":{"rendered":"El projecte"},"content":{"rendered":"<p align=\"justify\">Els nens m\u00e9s petit s\u00f3n els usuaris menys cr\u00edtics i experts i no obstant aix\u00f2 entre els m\u00e9s entusiastes dels dispositius m\u00f2bils i tauletes. L&#8217;\u00fas d&#8217;aquests dispositius, gaireb\u00e9 sempre connectats a la xarxa, est\u00e0 creixent en les fam\u00edlies.<\/p>\n<p align=\"justify\">Tota investigaci\u00f3 recent apunta que els nens fan servir aquests dispositius ja des dels 2 anys, no nom\u00e9s abans d&#8217;anar a l&#8217;escola, com passava amb els mitjans de comunicaci\u00f3 tradicionals, sin\u00f3 abans de comen\u00e7ar a parlar oa caminar, en la fase sensomotriu del desenvolupament . Paral\u00b7lelament a l&#8217;\u00fas dels continguts interactius, l&#8217;oferta d&#8217;Apps per a nens en edat preescolar ha crescut exponencialment. Ara, com mai abans, la ind\u00fastria digital est\u00e0 creant recursos digitals interactius per a nens. La recerca constant de pares i educadors, de recursos que ajudin els nens a aprendre, jugar i entretenir-se alimenta aquesta producci\u00f3 i inunda el mercat.<\/p>\n<p align=\"justify\"><img loading=\"lazy\" decoding=\"async\" class=\"size-medium wp-image-195 aligncenter\" src=\"http:\/\/lmi-cat.net\/apps\/wp-content\/uploads\/2018\/07\/6660068363_2a2d10d450_b-300x225.jpg\" alt=\"\" width=\"300\" height=\"225\" srcset=\"https:\/\/lmi-cat.net\/apps\/wp-content\/uploads\/2018\/07\/6660068363_2a2d10d450_b-300x225.jpg 300w, https:\/\/lmi-cat.net\/apps\/wp-content\/uploads\/2018\/07\/6660068363_2a2d10d450_b-768x576.jpg 768w, https:\/\/lmi-cat.net\/apps\/wp-content\/uploads\/2018\/07\/6660068363_2a2d10d450_b.jpg 1024w\" sizes=\"(max-width: 300px) 100vw, 300px\" \/><\/p>\n<p align=\"justify\">El projecte s\u2019elabora des del camp de la comunicaci\u00f3, la pedagogia i la psicologia evolutiva, considerant la construcci\u00f3 de coneixement de l\u2019infant menor de 8 anys des dels processos d\u2019aprenentatge a trav\u00e9s d\u2019una visi\u00f3 constructivista. Per aquesta ra\u00f3, la proposta s\u2019allunya de models que plantegin la possibilitat de deixar sol el nen davant d\u2019una \u201cm\u00e0quina\u201d (aix\u00ed com davant de la televisi\u00f3 o en l\u2019elecci\u00f3 d\u2019una joguina) i subratlla el necessari paper que exerceixen els educadors (mestres i mestres, treballadors socials, professionals dels sectors de salut, cuidadors, pares, etc.) en els processos d\u2019aprenentatge de l\u2019infant.<\/p>\n<p align=\"justify\">L\u2019objectiu general del projecte \u00e9s millorar la qualitat dels continguts digitals per a nensper a garantir la protecci\u00f3 dels menors coma usuaris, aix\u00ed com facilitar i fonamentar la selecci\u00f3 i creaci\u00f3 de continguts segurs i de qualitat per part d\u2019educadors i desenvolupadors. Per\u00f2 la protecci\u00f3 del menor no pot limitar-se a evitar xat online, continguts violents o llenguatge groller, com proposen en els <a href=\"https:\/\/www.globalratings.com\">sistemes de clasificacin actuals<\/a>. Des de la perspectiva dels investigadors del projecte \u00e9s necessari reconsiderar els sup\u00f2sits a la base dels mecanismes de protecci\u00f3 del menor i relacionar-los directament amb l&#8217;adequaci\u00f3 i accessibilitat del joc interactiu al desenvolupament infantil.<\/p>\n<p><img loading=\"lazy\" decoding=\"async\" class=\"alignnone wp-image-196 alignleft\" src=\"http:\/\/lmi-cat.net\/apps\/wp-content\/uploads\/2018\/07\/child-1183465_960_720-300x199.jpg\" alt=\"\" width=\"274\" height=\"181\" srcset=\"https:\/\/lmi-cat.net\/apps\/wp-content\/uploads\/2018\/07\/child-1183465_960_720-300x199.jpg 300w, https:\/\/lmi-cat.net\/apps\/wp-content\/uploads\/2018\/07\/child-1183465_960_720-768x510.jpg 768w, https:\/\/lmi-cat.net\/apps\/wp-content\/uploads\/2018\/07\/child-1183465_960_720.jpg 960w\" sizes=\"(max-width: 274px) 100vw, 274px\" \/><img loading=\"lazy\" decoding=\"async\" class=\"alignnone wp-image-197 alignleft\" src=\"http:\/\/lmi-cat.net\/apps\/wp-content\/uploads\/2018\/07\/9527140076_23172bd168_b-300x225.jpg\" alt=\"\" width=\"243\" height=\"182\" srcset=\"https:\/\/lmi-cat.net\/apps\/wp-content\/uploads\/2018\/07\/9527140076_23172bd168_b-300x225.jpg 300w, https:\/\/lmi-cat.net\/apps\/wp-content\/uploads\/2018\/07\/9527140076_23172bd168_b-768x576.jpg 768w, https:\/\/lmi-cat.net\/apps\/wp-content\/uploads\/2018\/07\/9527140076_23172bd168_b.jpg 1024w\" sizes=\"(max-width: 243px) 100vw, 243px\" \/><\/p>\n<p align=\"justify\">Basant-se en aquest acostament integral i la perspectiva del disseny universal, es va analitzar el contingut i disseny interactiu d&#8217;una mostra de 200 apps en context catal\u00e0, que es dirigien a nens i nenes entre 0 i 8 anys, per identificar problemes i bones pr\u00e0ctiques.<\/p>\n<p align=\"justify\">A partir d&#8217;aquesta an\u00e0lisi i dels resultats d&#8217;estudis anteriors (disponibles en la <a href=\"http:\/\/www.lmi.ub.edu\/apps4kids\/\">web<\/a> \u201c<a href=\"http:\/\/www.lmi.ub.edu\/apps4kids\/index.html\">APPS 4 kids &#8211; Analysing apps for kids<\/a>\u201d), en el marc del projecte \u201cAn\u00e0lisis d\u2019Apps i dels mecanismes de protecci\u00f3 per a la primera inf\u00e0ncia\u201d s&#8217;ha produ\u00eft:<\/p>\n<ul>\n<li>Un video destinat a desenvolupadors per crear continguts assegurances, \u00e8tics i de qualitat<\/li>\n<li>Una <a href=\"http:\/\/lmi-cat.net\/apps\/guia\/\">guia<\/a>\u00a0dirigida a pares i educadors amb alguns consells per escollir apps segures i de qualitat<\/li>\n<li>Estar\u00e0 disponible pr\u00f2ximament els art\u00edcles i publicaciones sobre els resultats del projecte<\/li>\n<\/ul>\n","protected":false},"excerpt":{"rendered":"<p>Els nens m\u00e9s petit s\u00f3n els usuaris menys cr\u00edtics i experts i no obstant aix\u00f2 entre els m\u00e9s entusiastes dels dispositius m\u00f2bils i tauletes. L&#8217;\u00fas d&#8217;aquests dispositius, gaireb\u00e9 sempre connectats a la xarxa, est\u00e0 creixent en les fam\u00edlies. Tota investigaci\u00f3 recent apunta que els nens fan servir aquests dispositius ja des dels 2 anys, no<a class=\"moretag\" href=\"https:\/\/lmi-cat.net\/apps\/el-projecte\/\"><span class=\"screen-reader-text\">Read more about El projecte<\/span>[&#8230;]<\/a><\/p>\n","protected":false},"author":1,"featured_media":0,"parent":0,"menu_order":0,"comment_status":"closed","ping_status":"closed","template":"","meta":{"footnotes":""},"class_list":["post-72","page","type-page","status-publish","hentry"],"_links":{"self":[{"href":"https:\/\/lmi-cat.net\/apps\/wp-json\/wp\/v2\/pages\/72"}],"collection":[{"href":"https:\/\/lmi-cat.net\/apps\/wp-json\/wp\/v2\/pages"}],"about":[{"href":"https:\/\/lmi-cat.net\/apps\/wp-json\/wp\/v2\/types\/page"}],"author":[{"embeddable":true,"href":"https:\/\/lmi-cat.net\/apps\/wp-json\/wp\/v2\/users\/1"}],"replies":[{"embeddable":true,"href":"https:\/\/lmi-cat.net\/apps\/wp-json\/wp\/v2\/comments?post=72"}],"version-history":[{"count":11,"href":"https:\/\/lmi-cat.net\/apps\/wp-json\/wp\/v2\/pages\/72\/revisions"}],"predecessor-version":[{"id":221,"href":"https:\/\/lmi-cat.net\/apps\/wp-json\/wp\/v2\/pages\/72\/revisions\/221"}],"wp:attachment":[{"href":"https:\/\/lmi-cat.net\/apps\/wp-json\/wp\/v2\/media?parent=72"}],"curies":[{"name":"wp","href":"https:\/\/api.w.org\/{rel}","templated":true}]}}