{"id":86,"date":"2018-05-09T18:16:26","date_gmt":"2018-05-09T18:16:26","guid":{"rendered":"http:\/\/lmi-cat.net\/apps\/?page_id=86"},"modified":"2018-05-10T14:33:36","modified_gmt":"2018-05-10T14:33:36","slug":"inicio","status":"publish","type":"page","link":"https:\/\/lmi-cat.net\/apps\/es\/inicio\/","title":{"rendered":"Inicio"},"content":{"rendered":"<div>\n<div>Los ni\u00f1os m\u00e1s peque\u00f1os son los usuarios menos cr\u00edticos y expertos y sin\u00a0embargo est\u00e1n entre los m\u00e1s entusiastas.\u00a0El uso de estos dispositivos, casi siempre conectados a la red, est\u00e1\u00a0creciendo en las familias. Toda investigaci\u00f3n reciente apunta a que los ni\u00f1os\u00a0emplean estos dispositivos ya desde los 2 a\u00f1os, no solo antes de ir a la\u00a0escuela, como pasaba con los medios de comunicaci\u00f3n tradicionales,\u00a0sino antes de empezar a hablar o a caminar, en la fase sensomotriz del\u00a0desarrollo.<\/div>\n<div><\/div>\n<div>Paralelamente al uso de los contenidos interactivos, la oferta de\u00a0Apps para ni\u00f1os en edad preescolar ha crecido exponencialmente. Ahora,\u00a0como nunca antes, la industria digital est\u00e1 creando recursos digitales\u00a0interactivos para ni\u00f1os. La b\u00fasqueda constante de padres y educadores,\u00a0de recursos que ayuden a los ni\u00f1os a aprender, jugar y entretenerse\u00a0alimenta esta producci\u00f3n e inunda el mercado.<\/div>\n<div><\/div>\n<\/div>\n<div><\/div>\n","protected":false},"excerpt":{"rendered":"<p>Los ni\u00f1os m\u00e1s peque\u00f1os son los usuarios menos cr\u00edticos y expertos y sin\u00a0embargo est\u00e1n entre los m\u00e1s entusiastas.\u00a0El uso de estos dispositivos, casi siempre conectados a la red, est\u00e1\u00a0creciendo en las familias. Toda investigaci\u00f3n reciente apunta a que los ni\u00f1os\u00a0emplean estos dispositivos ya desde los 2 a\u00f1os, no solo antes de ir a la\u00a0escuela, como<a class=\"moretag\" href=\"https:\/\/lmi-cat.net\/apps\/es\/inicio\/\"><span class=\"screen-reader-text\">Read more about Inicio<\/span>[&#8230;]<\/a><\/p>\n","protected":false},"author":1,"featured_media":0,"parent":0,"menu_order":0,"comment_status":"closed","ping_status":"open","template":"","meta":{"footnotes":""},"class_list":["post-86","page","type-page","status-publish","hentry"],"_links":{"self":[{"href":"https:\/\/lmi-cat.net\/apps\/wp-json\/wp\/v2\/pages\/86"}],"collection":[{"href":"https:\/\/lmi-cat.net\/apps\/wp-json\/wp\/v2\/pages"}],"about":[{"href":"https:\/\/lmi-cat.net\/apps\/wp-json\/wp\/v2\/types\/page"}],"author":[{"embeddable":true,"href":"https:\/\/lmi-cat.net\/apps\/wp-json\/wp\/v2\/users\/1"}],"replies":[{"embeddable":true,"href":"https:\/\/lmi-cat.net\/apps\/wp-json\/wp\/v2\/comments?post=86"}],"version-history":[{"count":4,"href":"https:\/\/lmi-cat.net\/apps\/wp-json\/wp\/v2\/pages\/86\/revisions"}],"predecessor-version":[{"id":130,"href":"https:\/\/lmi-cat.net\/apps\/wp-json\/wp\/v2\/pages\/86\/revisions\/130"}],"wp:attachment":[{"href":"https:\/\/lmi-cat.net\/apps\/wp-json\/wp\/v2\/media?parent=86"}],"curies":[{"name":"wp","href":"https:\/\/api.w.org\/{rel}","templated":true}]}}